{"id":2666,"date":"2021-08-02T20:30:42","date_gmt":"2021-08-02T20:30:42","guid":{"rendered":"https:\/\/www.bursakozahotel.com\/tr\/?page_id=2666"},"modified":"2021-09-25T12:09:29","modified_gmt":"2021-09-25T12:09:29","slug":"anasayfa","status":"publish","type":"page","link":"https:\/\/www.bursakozahotel.com\/tr\/","title":{"rendered":"Anasayfa"},"content":{"rendered":"<div id='full_slider_1'  class='avia-fullwidth-slider main_color avia-shadow  av-medium-hide av-small-hide av-mini-hide  avia-builder-el-0  el_before_av_slideshow_full  avia-builder-el-first   container_wrap sidebar_right' style=' '  ><div   data-size='no scaling'  data-lightbox_size='large'  data-animation='fade'  data-conditional_play=''  data-ids='2667,2777'  data-video_counter='0'  data-autoplay='true'  data-bg_slider='false'  data-slide_height=''  data-handle='av_slideshow_full'  data-interval='4'  data-class=' '  data-el_id=''  data-css_id=''  data-scroll_down=''  data-control_layout='av-control-hidden'  data-custom_markup=''  data-perma_caption=''  data-autoplay_stopper=''  data-image_attachment=''  data-min_height='0px'  data-lazy_loading='disabled'  data-src=''  data-position='top left'  data-repeat='no-repeat'  data-attach='scroll'  data-stretch=''  class='avia-slideshow avia-slideshow-1  av-control-hidden av-default-height-applied avia-slideshow-no scaling av_slideshow_full   avia-fade-slider '  itemprop=\"image\" itemscope=\"itemscope\" itemtype=\"https:\/\/schema.org\/ImageObject\" ><ul class='avia-slideshow-inner ' style='padding-bottom: 42.941176470588%;' ><li  class=' slide-1 ' ><div data-rel='slideshow-1' class='avia-slide-wrap '   ><div class = \"caption_fullwidth av-slideshow-caption caption_center\"><div class = \"container caption_container\"><div class = \"slideshow_caption\"><div class = \"slideshow_inner_caption\"><div class = \"slideshow_align_caption\"><h2  style='font-size:48px; ' class='avia-caption-title  '  itemprop=\"name\" >Konforun Yeni Merkezi<\/h2><div class='avia-caption-content  av_inherit_color'  itemprop=\"description\"   style='font-size:18px; '><p>Bursa g\u00f6r\u00fcklede hizmetinizde.<\/p>\n<\/div><\/div><\/div><\/div><\/div><\/div><img decoding=\"async\" class=\"wp-image-2667 avia-img-lazy-loading-not-2667\"  src=\"https:\/\/www.bursakozahotel.com\/tr\/wp-content\/uploads\/2021\/08\/koza-hotel-slide-01.jpg\" width=\"1190\" height=\"511\" title='koza-hotel-slide-01' alt=''  itemprop=\"thumbnailUrl\" srcset=\"https:\/\/www.bursakozahotel.com\/tr\/wp-content\/uploads\/2021\/08\/koza-hotel-slide-01.jpg 1190w, https:\/\/www.bursakozahotel.com\/tr\/wp-content\/uploads\/2021\/08\/koza-hotel-slide-01-300x129.jpg 300w, https:\/\/www.bursakozahotel.com\/tr\/wp-content\/uploads\/2021\/08\/koza-hotel-slide-01-1030x442.jpg 1030w, https:\/\/www.bursakozahotel.com\/tr\/wp-content\/uploads\/2021\/08\/koza-hotel-slide-01-768x330.jpg 768w, https:\/\/www.bursakozahotel.com\/tr\/wp-content\/uploads\/2021\/08\/koza-hotel-slide-01-705x303.jpg 705w\" sizes=\"(max-width: 1190px) 100vw, 1190px\" \/><div class='av-section-color-overlay' style='opacity: 0.4; background-color: #000000; '><\/div><\/div><\/li><li  class=' slide-2 ' ><div data-rel='slideshow-1' class='avia-slide-wrap '   ><div class = \"caption_fullwidth av-slideshow-caption caption_center\"><div class = \"container caption_container\"><div class = \"slideshow_caption\"><div class = \"slideshow_inner_caption\"><div class = \"slideshow_align_caption\"><h2  style='font-size:48px; ' class='avia-caption-title  '  itemprop=\"name\" >Evinizdeki Konforu Ya\u015fay\u0131n<\/h2><div class='avia-caption-content  av_inherit_color'  itemprop=\"description\"   style='font-size:18px; '><p>\u0130\u015f seyahatlerinizde konforunuz yerinde.<\/p>\n<\/div><\/div><\/div><\/div><\/div><\/div><img decoding=\"async\" class=\"wp-image-2777 avia-img-lazy-loading-not-2777\"  src=\"https:\/\/www.bursakozahotel.com\/tr\/wp-content\/uploads\/koza-hotel-slide-005.jpg\" width=\"1190\" height=\"511\" title='koza-hotel-slide-005' alt=''  itemprop=\"thumbnailUrl\" srcset=\"https:\/\/www.bursakozahotel.com\/tr\/wp-content\/uploads\/koza-hotel-slide-005.jpg 1190w, https:\/\/www.bursakozahotel.com\/tr\/wp-content\/uploads\/koza-hotel-slide-005-300x129.jpg 300w, https:\/\/www.bursakozahotel.com\/tr\/wp-content\/uploads\/koza-hotel-slide-005-1030x442.jpg 1030w, https:\/\/www.bursakozahotel.com\/tr\/wp-content\/uploads\/koza-hotel-slide-005-768x330.jpg 768w, https:\/\/www.bursakozahotel.com\/tr\/wp-content\/uploads\/koza-hotel-slide-005-705x303.jpg 705w\" sizes=\"(max-width: 1190px) 100vw, 1190px\" \/><div class='av-section-color-overlay' style='opacity: 0.4; background-color: #000000; '><\/div><\/div><\/li><\/ul><div class='avia-slideshow-arrows avia-slideshow-controls'><a href='#prev' class='prev-slide' aria-hidden='true' data-av_icon='\ue87c' data-av_iconfont='entypo-fontello'>\u00d6nceki<\/a><a href='#next' class='next-slide' aria-hidden='true' data-av_icon='\ue87d' data-av_iconfont='entypo-fontello'>Sonraki<\/a><\/div><div class='avia-slideshow-dots avia-slideshow-controls'><a href='#1' class='goto-slide active' >1<\/a><a href='#2' class='goto-slide ' >2<\/a><\/div><\/div><\/div>\n<div id='full_slider_2'  class='avia-fullwidth-slider main_color avia-shadow  av-desktop-hide  avia-builder-el-1  el_after_av_slideshow_full  el_before_av_section   slider-not-first container_wrap sidebar_right' style=' '  ><div   data-size='large'  data-lightbox_size='large'  data-animation='fade'  data-conditional_play=''  data-ids='2667,2786'  data-video_counter='0'  data-autoplay='true'  data-bg_slider='false'  data-slide_height=''  data-handle='av_slideshow_full'  data-interval='4'  data-class=' '  data-el_id=''  data-css_id=''  data-scroll_down=''  data-control_layout='av-control-hidden'  data-custom_markup=''  data-perma_caption=''  data-autoplay_stopper=''  data-image_attachment=''  data-min_height='400px'  data-lazy_loading='disabled'  data-src=''  data-position='top left'  data-repeat='no-repeat'  data-attach='scroll'  data-stretch=''  class='avia-slideshow avia-slideshow-2  av-control-hidden av-default-height-applied avia-slideshow-large av_slideshow_full   avia-fade-slider '  itemprop=\"image\" itemscope=\"itemscope\" itemtype=\"https:\/\/schema.org\/ImageObject\" ><ul class='avia-slideshow-inner ' style='padding-bottom: 42.912621359223%;' ><li  class=' slide-1 ' ><div data-rel='slideshow-2' class='avia-slide-wrap '   ><div class = \"caption_fullwidth av-slideshow-caption caption_center\"><div class = \"container caption_container\"><div class = \"slideshow_caption\"><div class = \"slideshow_inner_caption\"><div class = \"slideshow_align_caption\"><h2  style='font-size:48px; ' class='avia-caption-title  '  itemprop=\"name\" >Konforun Yeni Merkezi<\/h2><div class='avia-caption-content  av_inherit_color'  itemprop=\"description\"   style='font-size:18px; '><p>Bursa G\u00f6r\u00fckle&#8217;de hizmetinizde.<\/p>\n<\/div><\/div><\/div><\/div><\/div><\/div><img decoding=\"async\" class=\"wp-image-2667 avia-img-lazy-loading-not-2667\"  src=\"https:\/\/www.bursakozahotel.com\/tr\/wp-content\/uploads\/2021\/08\/koza-hotel-slide-01-1030x442.jpg\" width=\"1030\" height=\"442\" title='koza-hotel-slide-01' alt=''  itemprop=\"thumbnailUrl\"  style='min-height:400px; min-width:933px; ' srcset=\"https:\/\/www.bursakozahotel.com\/tr\/wp-content\/uploads\/2021\/08\/koza-hotel-slide-01-1030x442.jpg 1030w, https:\/\/www.bursakozahotel.com\/tr\/wp-content\/uploads\/2021\/08\/koza-hotel-slide-01-300x129.jpg 300w, https:\/\/www.bursakozahotel.com\/tr\/wp-content\/uploads\/2021\/08\/koza-hotel-slide-01-768x330.jpg 768w, https:\/\/www.bursakozahotel.com\/tr\/wp-content\/uploads\/2021\/08\/koza-hotel-slide-01-705x303.jpg 705w, https:\/\/www.bursakozahotel.com\/tr\/wp-content\/uploads\/2021\/08\/koza-hotel-slide-01.jpg 1190w\" sizes=\"(max-width: 1030px) 100vw, 1030px\" \/><div class='av-section-color-overlay' style='opacity: 0.4; background-color: #000000; '><\/div><\/div><\/li><li  class=' slide-2 ' ><div data-rel='slideshow-2' class='avia-slide-wrap '   ><div class = \"caption_fullwidth av-slideshow-caption caption_center\"><div class = \"container caption_container\"><div class = \"slideshow_caption\"><div class = \"slideshow_inner_caption\"><div class = \"slideshow_align_caption\"><h2  style='font-size:48px; ' class='avia-caption-title  '  itemprop=\"name\" >Evinizdeki Konforu Ya\u015fay\u0131n<\/h2><div class='avia-caption-content  av_inherit_color'  itemprop=\"description\"   style='font-size:18px; '><p>\u0130\u015f seyahatlerinizde konforunuz yerinde.<\/p>\n<\/div><\/div><\/div><\/div><\/div><\/div><img decoding=\"async\" class=\"wp-image-2786 avia-img-lazy-loading-not-2786\"  src=\"https:\/\/www.bursakozahotel.com\/tr\/wp-content\/uploads\/Koza-Hotel-Bursa-Gorsel-06-1030x728.jpg\" width=\"1030\" height=\"728\" title='' alt=''  itemprop=\"thumbnailUrl\"  style='min-height:400px; min-width:566px; ' srcset=\"https:\/\/www.bursakozahotel.com\/tr\/wp-content\/uploads\/Koza-Hotel-Bursa-Gorsel-06-1030x728.jpg 1030w, https:\/\/www.bursakozahotel.com\/tr\/wp-content\/uploads\/Koza-Hotel-Bursa-Gorsel-06-300x212.jpg 300w, https:\/\/www.bursakozahotel.com\/tr\/wp-content\/uploads\/Koza-Hotel-Bursa-Gorsel-06-768x543.jpg 768w, https:\/\/www.bursakozahotel.com\/tr\/wp-content\/uploads\/Koza-Hotel-Bursa-Gorsel-06-260x185.jpg 260w, https:\/\/www.bursakozahotel.com\/tr\/wp-content\/uploads\/Koza-Hotel-Bursa-Gorsel-06-705x498.jpg 705w, https:\/\/www.bursakozahotel.com\/tr\/wp-content\/uploads\/Koza-Hotel-Bursa-Gorsel-06.jpg 1190w\" sizes=\"(max-width: 1030px) 100vw, 1030px\" \/><div class='av-section-color-overlay' style='opacity: 0.4; background-color: #000000; '><\/div><\/div><\/li><\/ul><div class='avia-slideshow-arrows avia-slideshow-controls'><a href='#prev' class='prev-slide' aria-hidden='true' data-av_icon='\ue87c' data-av_iconfont='entypo-fontello'>\u00d6nceki<\/a><a href='#next' class='next-slide' aria-hidden='true' data-av_icon='\ue87d' data-av_iconfont='entypo-fontello'>Sonraki<\/a><\/div><div class='avia-slideshow-dots avia-slideshow-controls'><a href='#1' class='goto-slide active' >1<\/a><a href='#2' class='goto-slide ' >2<\/a><\/div><\/div><\/div>\n<div id='av_section_1'  class='avia-section main_color avia-section-default avia-no-border-styling  avia-bg-style-scroll  avia-builder-el-2  el_after_av_slideshow_full  el_before_av_section   container_wrap sidebar_right' style=' '  ><div class='container' ><div class='template-page content  av-content-small alpha units'><div class='post-entry post-entry-type-page post-entry-2666'><div class='entry-content-wrapper clearfix'>\n<div class=\"flex_column av_one_third  flex_column_div av-zero-column-padding first  avia-builder-el-3  el_before_av_two_third  avia-builder-el-first  \" style='border-radius:0px; '><p><div  style='padding-bottom:10px; ' class='av-special-heading av-special-heading-h2    avia-builder-el-4  el_before_av_textblock  avia-builder-el-first  '><h2 class='av-special-heading-tag '  itemprop=\"headline\"  >Online Rezervasyon<\/h2><div class='special-heading-border'><div class='special-heading-inner-border' ><\/div><\/div><\/div><br \/>\n<section class=\"av_textblock_section \"  itemscope=\"itemscope\" itemtype=\"https:\/\/schema.org\/CreativeWork\" ><div class='avia_textblock  '   itemprop=\"text\" ><p>En iyi fiyatlarla, evinizdeki konforu aratmayacak bir otel deneyimi i\u00e7in hemen rezervasyon yapt\u0131r\u0131n.<\/p>\n<h4><strong>+90 (224) 341 50 50<\/strong><\/h4>\n<\/div><\/section><\/p><\/div><div class=\"flex_column av_two_third  flex_column_div av-zero-column-padding   avia-builder-el-6  el_after_av_one_third  avia-builder-el-last  \" style='border-radius:0px; '><\/div>\n\n<\/div><\/div><\/div><!-- close content main div --><\/div><\/div><div id='av_section_2'  class='avia-section main_color avia-section-default avia-no-border-styling  avia-bg-style-scroll  avia-builder-el-8  el_after_av_section  el_before_av_heading   container_wrap sidebar_right' style='background-color: #eae4ce;  '  ><div class='container' ><div class='template-page content  av-content-small alpha units'><div class='post-entry post-entry-type-page post-entry-2666'><div class='entry-content-wrapper clearfix'><\/div><\/div><\/div><!-- close content main div --><\/div><\/div><div id='after_section_2'  class='main_color av_default_container_wrap container_wrap sidebar_right' style=' '  ><div class='container' ><div class='template-page content  av-content-small alpha units'><div class='post-entry post-entry-type-page post-entry-2666'><div class='entry-content-wrapper clearfix'>\n<div  style='padding-bottom:10px; font-size:38px;' class='av-special-heading av-special-heading-h3  blockquote modern-quote modern-centered  avia-builder-el-9  el_after_av_section  el_before_av_textblock  avia-builder-el-first  av-thin-font av-inherit-size '><h3 class='av-special-heading-tag '  itemprop=\"headline\"  ><strong>COVID-19 TEDB\u0130RLER\u0130<\/strong><\/h3><div class='special-heading-border'><div class='special-heading-inner-border' ><\/div><\/div><\/div>\n<section class=\"av_textblock_section \"  itemscope=\"itemscope\" itemtype=\"https:\/\/schema.org\/CreativeWork\" ><div class='avia_textblock  '  style='font-size:15px; '  itemprop=\"text\" ><p style=\"text-align: center;\"><a href=\"https:\/\/www.bursakozahotel.com\/tr\/covid-19-tedbirleri\/\">Sa\u011fl\u0131\u011f\u0131n\u0131z ve G\u00fcvenli\u011finiz Bizim \u0130\u00e7in \u00c7ok \u00d6nemli<\/a><\/p>\n<\/div><\/section>\n<\/div><\/div><\/div><!-- close content main div --><\/div><\/div><div id='av_section_3'  class='avia-section main_color avia-section-large avia-no-border-styling  av-section-color-overlay-active avia-bg-style-scroll  avia-builder-el-11  el_after_av_textblock  el_before_av_masonry_gallery   container_wrap sidebar_right' style=' '  ><div class='av-section-color-overlay-wrap'><div class='av-section-color-overlay' style='opacity: 0.5; background-color: #ffe5e5; background-image: url(https:\/\/www.bursakozahotel.com\/tr\/wp-content\/themes\/maytema\/images\/background-images\/dots-for-light-background.png); background-repeat: repeat;'><\/div><div class='container' ><div class='template-page content  av-content-small alpha units'><div class='post-entry post-entry-type-page post-entry-2666'><div class='entry-content-wrapper clearfix'>\n<div class=\"flex_column av_one_fourth  flex_column_div av-zero-column-padding first  avia-builder-el-12  el_before_av_one_fourth  avia-builder-el-first  \" style='border-radius:0px; '><div  class='avia-image-container  av-styling-circle    avia-builder-el-13  avia-builder-el-no-sibling  avia-align-center '  itemprop=\"image\" itemscope=\"itemscope\" itemtype=\"https:\/\/schema.org\/ImageObject\"  ><div class='avia-image-container-inner'><div class='avia-image-overlay-wrap'><img decoding=\"async\" class='wp-image-2807 avia-img-lazy-loading-not-2807 avia_image' src=\"https:\/\/www.bursakozahotel.com\/tr\/wp-content\/uploads\/acik-bufe-kahvalti-bursa-otel-00.jpg\" alt='' title='' height=\"735\" width=\"735\"  itemprop=\"thumbnailUrl\" srcset=\"https:\/\/www.bursakozahotel.com\/tr\/wp-content\/uploads\/acik-bufe-kahvalti-bursa-otel-00.jpg 735w, https:\/\/www.bursakozahotel.com\/tr\/wp-content\/uploads\/acik-bufe-kahvalti-bursa-otel-00-300x300.jpg 300w, https:\/\/www.bursakozahotel.com\/tr\/wp-content\/uploads\/acik-bufe-kahvalti-bursa-otel-00-80x80.jpg 80w, https:\/\/www.bursakozahotel.com\/tr\/wp-content\/uploads\/acik-bufe-kahvalti-bursa-otel-00-36x36.jpg 36w, https:\/\/www.bursakozahotel.com\/tr\/wp-content\/uploads\/acik-bufe-kahvalti-bursa-otel-00-180x180.jpg 180w, https:\/\/www.bursakozahotel.com\/tr\/wp-content\/uploads\/acik-bufe-kahvalti-bursa-otel-00-705x705.jpg 705w\" sizes=\"(max-width: 735px) 100vw, 735px\" \/><\/div><\/div><\/div><\/div><div class=\"flex_column av_one_fourth  flex_column_div av-zero-column-padding   avia-builder-el-14  el_after_av_one_fourth  el_before_av_one_fourth  \" style='border-radius:0px; '><p><div  style='padding-bottom:10px; ' class='av-special-heading av-special-heading-h3    avia-builder-el-15  el_before_av_textblock  avia-builder-el-first  '><h3 class='av-special-heading-tag '  itemprop=\"headline\"  >A\u00e7\u0131k B\u00fcfe Kahvalt\u0131<\/h3><div class='special-heading-border'><div class='special-heading-inner-border' ><\/div><\/div><\/div><br \/>\n<section class=\"av_textblock_section \"  itemscope=\"itemscope\" itemtype=\"https:\/\/schema.org\/CreativeWork\" ><div class='avia_textblock  '   itemprop=\"text\" ><p>Hafta i\u00e7i sabah Saat 07:30 ile 10:30 saatleri aras\u0131nda, Hafta sonu ise ge\u00e7 kahvalt\u0131 alternatifimiz ile saat 11:00&#8217;e kadar s\u00fcren Zengin A\u00e7\u0131k B\u00fcfe Kahvalt\u0131m\u0131z ile harika bir g\u00fcne ba\u015flayabilirsiniz.<\/p>\n<\/div><\/section><\/p><\/div><div class=\"flex_column av_one_fourth  flex_column_div av-zero-column-padding   avia-builder-el-17  el_after_av_one_fourth  el_before_av_one_fourth  \" style='border-radius:0px; '><div  class='avia-image-container  av-styling-circle    avia-builder-el-18  avia-builder-el-no-sibling  avia-align-center '  itemprop=\"image\" itemscope=\"itemscope\" itemtype=\"https:\/\/schema.org\/ImageObject\"  ><div class='avia-image-container-inner'><div class='avia-image-overlay-wrap'><img decoding=\"async\" class='wp-image-2812 avia-img-lazy-loading-not-2812 avia_image' src=\"https:\/\/www.bursakozahotel.com\/tr\/wp-content\/uploads\/alacarte-restoran-hotel-bursa.jpg\" alt='' title='' height=\"627\" width=\"627\"  itemprop=\"thumbnailUrl\" srcset=\"https:\/\/www.bursakozahotel.com\/tr\/wp-content\/uploads\/alacarte-restoran-hotel-bursa.jpg 627w, https:\/\/www.bursakozahotel.com\/tr\/wp-content\/uploads\/alacarte-restoran-hotel-bursa-300x300.jpg 300w, https:\/\/www.bursakozahotel.com\/tr\/wp-content\/uploads\/alacarte-restoran-hotel-bursa-80x80.jpg 80w, https:\/\/www.bursakozahotel.com\/tr\/wp-content\/uploads\/alacarte-restoran-hotel-bursa-36x36.jpg 36w, https:\/\/www.bursakozahotel.com\/tr\/wp-content\/uploads\/alacarte-restoran-hotel-bursa-180x180.jpg 180w\" sizes=\"(max-width: 627px) 100vw, 627px\" \/><\/div><\/div><\/div><\/div><div class=\"flex_column av_one_fourth  flex_column_div av-zero-column-padding   avia-builder-el-19  el_after_av_one_fourth  avia-builder-el-last  \" style='border-radius:0px; '><p><div  style='padding-bottom:10px; ' class='av-special-heading av-special-heading-h3    avia-builder-el-20  el_before_av_textblock  avia-builder-el-first  '><h3 class='av-special-heading-tag '  itemprop=\"headline\"  >Restoran<\/h3><div class='special-heading-border'><div class='special-heading-inner-border' ><\/div><\/div><\/div><br \/>\n<section class=\"av_textblock_section \"  itemscope=\"itemscope\" itemtype=\"https:\/\/schema.org\/CreativeWork\" ><div class='avia_textblock  '   itemprop=\"text\" ><p>Zengin T\u00fcrk Mutfa\u011f\u0131&#8217;m\u0131z\u0131n \u00f6zg\u00fcn yemekleriyle, \u00f6\u011fle ve ak\u015fam yemeklerinizi lezzetli bir keyfe d\u00f6n\u00fc\u015ft\u00fcr\u00fcyoruz.<\/p>\n<\/div><\/section><\/p><\/div>\n\n<div id='av-masonry-1' class='av-masonry  noHover av-fixed-size av-large-gap av-hover-overlay- av-masonry-animation-active av-masonry-col-flexible av-caption-always av-caption-style-overlay av-masonry-gallery     '  ><div class='av-masonry-container isotope av-js-disabled ' ><div class='av-masonry-entry isotope-item av-masonry-item-no-image '><\/div><a href=\"\/tr\/standart-room-bursa\/\"  aria-label=\"image image with no title\"  id='av-masonry-1-item-2872' data-av-masonry-item='2872' class='av-masonry-entry isotope-item post-2872 attachment type-attachment status-inherit hentry  av-masonry-item-with-image av-landscape-img' title=\"\" alt=\"\"   itemprop=\"thumbnailUrl\" ><div class='av-inner-masonry-sizer'><\/div><figure class='av-inner-masonry main_color'><div class=\"av-masonry-outerimage-container\"><div class=\"av-masonry-image-container\" style=\"background-image: url(https:\/\/www.bursakozahotel.com\/tr\/wp-content\/uploads\/standart-room-home-gorsel-e1631182227333.jpg);\"><\/div><\/div><figcaption class='av-inner-masonry-content site-background'><div class='av-inner-masonry-content-pos'><div class='av-inner-masonry-content-pos-content'><div class='avia-arrow'><\/div><div class='av-masonry-entry-content entry-content'  itemprop=\"text\" >STANDART ROOM<\/div><\/div><\/div><\/figcaption><\/figure><\/a><!--end av-masonry entry--><a href=\"\/tr\/corner-room-bursa\/\"  aria-label=\"image image with no title\"  id='av-masonry-1-item-2871' data-av-masonry-item='2871' class='av-masonry-entry isotope-item post-2871 attachment type-attachment status-inherit hentry  av-masonry-item-with-image av-landscape-img' title=\"\" alt=\"\"   itemprop=\"thumbnailUrl\" ><div class='av-inner-masonry-sizer'><\/div><figure class='av-inner-masonry main_color'><div class=\"av-masonry-outerimage-container\"><div class=\"av-masonry-image-container\" style=\"background-image: url(https:\/\/www.bursakozahotel.com\/tr\/wp-content\/uploads\/corner-room-home-gorsel-e1631182206869.jpg);\"><\/div><\/div><figcaption class='av-inner-masonry-content site-background'><div class='av-inner-masonry-content-pos'><div class='av-inner-masonry-content-pos-content'><div class='avia-arrow'><\/div><div class='av-masonry-entry-content entry-content'  itemprop=\"text\" >CORNER ROOM<\/div><\/div><\/div><\/figcaption><\/figure><\/a><!--end av-masonry entry--><a href=\"\/tr\/suit-room-bursa\/\"  aria-label=\"image image with no title\"  id='av-masonry-1-item-2873' data-av-masonry-item='2873' class='av-masonry-entry isotope-item post-2873 attachment type-attachment status-inherit hentry  av-masonry-item-with-image av-landscape-img' title=\"\" alt=\"\"   itemprop=\"thumbnailUrl\" ><div class='av-inner-masonry-sizer'><\/div><figure class='av-inner-masonry main_color'><div class=\"av-masonry-outerimage-container\"><div class=\"av-masonry-image-container\" style=\"background-image: url(https:\/\/www.bursakozahotel.com\/tr\/wp-content\/uploads\/suit-room-home-gorsel-e1631182179349.jpg);\"><\/div><\/div><figcaption class='av-inner-masonry-content site-background'><div class='av-inner-masonry-content-pos'><div class='av-inner-masonry-content-pos-content'><div class='avia-arrow'><\/div><div class='av-masonry-entry-content entry-content'  itemprop=\"text\" >SUIT ROOM<\/div><\/div><\/div><\/figcaption><\/figure><\/a><!--end av-masonry entry--><\/div><\/div>\n","protected":false},"excerpt":{"rendered":"","protected":false},"author":1,"featured_media":0,"parent":0,"menu_order":0,"comment_status":"closed","ping_status":"closed","template":"","meta":{"footnotes":""},"class_list":["post-2666","page","type-page","status-publish","hentry"],"_links":{"self":[{"href":"https:\/\/www.bursakozahotel.com\/tr\/wp-json\/wp\/v2\/pages\/2666","targetHints":{"allow":["GET"]}}],"collection":[{"href":"https:\/\/www.bursakozahotel.com\/tr\/wp-json\/wp\/v2\/pages"}],"about":[{"href":"https:\/\/www.bursakozahotel.com\/tr\/wp-json\/wp\/v2\/types\/page"}],"author":[{"embeddable":true,"href":"https:\/\/www.bursakozahotel.com\/tr\/wp-json\/wp\/v2\/users\/1"}],"replies":[{"embeddable":true,"href":"https:\/\/www.bursakozahotel.com\/tr\/wp-json\/wp\/v2\/comments?post=2666"}],"version-history":[{"count":103,"href":"https:\/\/www.bursakozahotel.com\/tr\/wp-json\/wp\/v2\/pages\/2666\/revisions"}],"predecessor-version":[{"id":2916,"href":"https:\/\/www.bursakozahotel.com\/tr\/wp-json\/wp\/v2\/pages\/2666\/revisions\/2916"}],"wp:attachment":[{"href":"https:\/\/www.bursakozahotel.com\/tr\/wp-json\/wp\/v2\/media?parent=2666"}],"curies":[{"name":"wp","href":"https:\/\/api.w.org\/{rel}","templated":true}]}}