{"id":2748,"date":"2021-08-25T09:56:57","date_gmt":"2021-08-25T09:56:57","guid":{"rendered":"https:\/\/www.bursakozahotel.com\/tr\/?page_id=2748"},"modified":"2021-09-22T14:25:24","modified_gmt":"2021-09-22T14:25:24","slug":"iletisim","status":"publish","type":"page","link":"https:\/\/www.bursakozahotel.com\/tr\/iletisim\/","title":{"rendered":"\u0130leti\u015fim"},"content":{"rendered":"<div id='av_section_1'  class='avia-section main_color avia-section-large avia-no-border-styling  av-section-color-overlay-active avia-bg-style-scroll  avia-builder-el-0  el_before_av_section  avia-builder-el-first   container_wrap sidebar_right' style='background-repeat: no-repeat; background-image: url(https:\/\/www.bursakozahotel.com\/tr\/wp-content\/uploads\/bg-bursas.jpg);background-attachment: scroll; background-position: top left;  '  data-section-bg-repeat='no-repeat'><div class='av-section-color-overlay-wrap'><div class='av-section-color-overlay' style='opacity: 0.4; background-color: #0a0a0a; '><\/div><div class='container' ><main  role=\"main\" itemprop=\"mainContentOfPage\"  class='template-page content  av-content-small alpha units'><div class='post-entry post-entry-type-page post-entry-2748'><div class='entry-content-wrapper clearfix'>\n<\/div><\/div><\/main><!-- close content main element --><\/div><\/div><\/div><div id='av_section_2'  class='avia-section main_color avia-section-small avia-no-border-styling  avia-bg-style-scroll  avia-builder-el-1  el_after_av_section  el_before_av_google_map   container_wrap sidebar_right' style='background-color: #d8d2b8;  '  ><div class='container' ><div class='template-page content  av-content-small alpha units'><div class='post-entry post-entry-type-page post-entry-2748'><div class='entry-content-wrapper clearfix'>\n<div  class='av_gmaps_sc_main_wrap av_gmaps_main_wrap '><div id='av_gmap_0' class='avia-google-map-container avia-google-map-sc av_gmaps_show_unconditionally av-no-fallback-img ' data-mapid='av_gmap_0'  style='height: 360px;'><a class=\"av_gmaps_browser_disabled av_text_confirm_link av_text_confirm_link_visible\" href=\"https:\/\/www.google.com\/maps\/search\/?api=1&#038;query=G\u00f6r\u00fckle%20Mahallesi%20Atat\u00fcrk%20Bulvar\u0131%20No:36%20Nil\u00fcfer%20%20Bursa%20%20T\u00fcrkiye\" target=\"_blank\" rel=\"noopener\">Maps were disabled by the visitor on this site. Click to open the map in a new window.<\/a><\/div><\/div>\n<div id='av_section_3'  class='avia-section main_color avia-section-default avia-no-border-styling  avia-bg-style-scroll  avia-builder-el-3  el_after_av_google_map  avia-builder-el-last   container_wrap sidebar_right' style='background-repeat: no-repeat; background-image: url(https:\/\/www.bursakozahotel.com\/tr\/wp-content\/uploads\/bg-page-koza-hotel-001.jpg);background-attachment: scroll; background-position: top center;  '  data-section-bg-repeat='no-repeat'><div class='container' ><div class='template-page content  av-content-small alpha units'><div class='post-entry post-entry-type-page post-entry-2748'><div class='entry-content-wrapper clearfix'>\n<div class=\"flex_column av_three_fifth  flex_column_div av-zero-column-padding first  avia-builder-el-4  el_before_av_two_fifth  avia-builder-el-first  \" style='border-radius:0px; '><p><div  style='padding-bottom:10px; ' class='av-special-heading av-special-heading-h3    avia-builder-el-5  el_before_av_iconlist  avia-builder-el-first  '><h3 class='av-special-heading-tag '  itemprop=\"headline\"  >Bize Ula\u015f\u0131n<\/h3><div class='special-heading-border'><div class='special-heading-inner-border' ><\/div><\/div><\/div><br \/>\n<div  class='avia-icon-list-container   avia-builder-el-6  el_after_av_heading  avia-builder-el-last '><ul class='avia-icon-list avia-icon-list-left av-iconlist-big avia_animate_when_almost_visible '>\n<li><div  class='iconlist_icon  avia-font-fontawesome5free-solid'><span class='iconlist-char ' aria-hidden='true' data-av_icon='\uf279' data-av_iconfont='fontawesome5free-solid'><\/span><\/div><article class=\"article-icon-entry \"  itemscope=\"itemscope\" itemtype=\"https:\/\/schema.org\/CreativeWork\" ><div class='iconlist_content_wrap'><header class=\"entry-content-header\"><h4 class='av_iconlist_title iconlist_title   '  itemprop=\"headline\"  >Adres:<\/h4><\/header><div class='iconlist_content  '  itemprop=\"text\"  ><p>G\u00f6r\u00fckle Mahallesi Atat\u00fcrk Bulvar\u0131 No:36<br \/>\nNil\u00fcfer \/BURSA<\/p>\n<\/div><\/div><footer class=\"entry-footer\"><\/footer><\/article><div class='iconlist-timeline'><\/div><\/li>\n<li><div  class='iconlist_icon  avia-font-fontawesome5free-solid'><span class='iconlist-char ' aria-hidden='true' data-av_icon='\uf095' data-av_iconfont='fontawesome5free-solid'><\/span><\/div><article class=\"article-icon-entry \"  itemscope=\"itemscope\" itemtype=\"https:\/\/schema.org\/CreativeWork\" ><div class='iconlist_content_wrap'><header class=\"entry-content-header\"><h4 class='av_iconlist_title iconlist_title   '  itemprop=\"headline\"  >Telefon:<\/h4><\/header><div class='iconlist_content  '  itemprop=\"text\"  ><p><a href=\"tel:902243415050\">+90 (224) 341 50 50<\/a><br \/>\n<a href=\"tel:902243665050\">+90 (224) 366 50 50<\/a><br \/>\n<a href=\"tel:05491181616\">+90 (549) 118 16 16<\/a><\/p>\n<\/div><\/div><footer class=\"entry-footer\"><\/footer><\/article><div class='iconlist-timeline'><\/div><\/li>\n<li><div  class='iconlist_icon  avia-font-fontawesome5free-solid'><span class='iconlist-char ' aria-hidden='true' data-av_icon='\uf0e0' data-av_iconfont='fontawesome5free-solid'><\/span><\/div><article class=\"article-icon-entry \"  itemscope=\"itemscope\" itemtype=\"https:\/\/schema.org\/CreativeWork\" ><div class='iconlist_content_wrap'><header class=\"entry-content-header\"><h4 class='av_iconlist_title iconlist_title   '  itemprop=\"headline\"  >E-Posta:<\/h4><\/header><div class='iconlist_content  '  itemprop=\"text\"  ><p>info@bursakozahotel.com<br \/>\nrezervasyon@bursakozahotel.com<\/p>\n<\/div><\/div><footer class=\"entry-footer\"><\/footer><\/article><div class='iconlist-timeline'><\/div><\/li>\n<\/ul><\/div><\/p><\/div><div class=\"flex_column av_two_fifth  flex_column_div   avia-builder-el-7  el_after_av_three_fifth  avia-builder-el-last  \" style='background: #dad7d1; padding:30px; background-color:#dad7d1; border-radius:10px; '><form action=\"https:\/\/www.bursakozahotel.com\/tr\/iletisim\/\" method=\"post\"  class=\"avia_ajax_form av-form-labels-visible   avia-builder-el-8  avia-builder-el-no-sibling   \" data-avia-form-id=\"1\" data-avia-redirect='' ><h3 class=''>\u0130LET\u0130\u015e\u0130M FORMU<\/h3><fieldset><p class='  first_form  form_element form_fullwidth' id='element_avia_1_1'><label for=\"avia_1_1\">Ad Soyad <abbr class=\"required\" title=\"Zorunlu\">*<\/abbr><\/label> <input name=\"avia_1_1\" class=\"text_input is_empty\" type=\"text\" id=\"avia_1_1\" value=\"\" \/><\/p><p class='  first_form  form_element form_fullwidth' id='element_avia_2_1'><label for=\"avia_2_1\">E-Posta<\/label> <input name=\"avia_2_1\" class=\"text_input \" type=\"text\" id=\"avia_2_1\" value=\"\" \/><\/p><p class='  first_form  form_element form_fullwidth' id='element_avia_3_1'><label for=\"avia_3_1\">Telefon <abbr class=\"required\" title=\"Zorunlu\">*<\/abbr><\/label> <input name=\"avia_3_1\" class=\"text_input is_phone\" type=\"text\" id=\"avia_3_1\" value=\"\" \/><\/p><p class='  first_form  form_element form_fullwidth av-last-visible-form-element' id='element_avia_4_1'><label for=\"avia_4_1\" class=\"textare_label hidden textare_label_avia_4_1\">Mesaj <abbr class=\"required\" title=\"Zorunlu\">*<\/abbr><\/label><textarea  name=\"avia_4_1\" class=\"text_area is_empty\" cols=\"40\" rows=\"7\" id=\"avia_4_1\" ><\/textarea><\/p><p class=\"hidden\"><input type=\"text\" name=\"avia_5_1\" class=\"hidden \" id=\"avia_5_1\" value=\"\" \/><\/p><p class=\"form_element \"><input type=\"hidden\" value=\"1\" name=\"avia_generated_form1\" \/><input type=\"submit\" value=\"G\u00f6nder\" class=\"button\"  data-sending-label=\"G\u00f6nderiliyor\"\/><\/p><\/fieldset><\/form><div id=\"ajaxresponse_1\" class=\"ajaxresponse ajaxresponse_1 hidden\"><\/div><\/div><\/div><\/div><\/div><!-- close content main div --><\/div><\/div><div id='after_section_3'  class='main_color av_default_container_wrap container_wrap sidebar_right' style=' '  ><div class='container' ><div class='template-page content  av-content-small alpha units'><div class='post-entry post-entry-type-page post-entry-2748'><div class='entry-content-wrapper clearfix'>\n","protected":false},"excerpt":{"rendered":"","protected":false},"author":1,"featured_media":0,"parent":0,"menu_order":0,"comment_status":"closed","ping_status":"closed","template":"","meta":{"footnotes":""},"class_list":["post-2748","page","type-page","status-publish","hentry"],"_links":{"self":[{"href":"https:\/\/www.bursakozahotel.com\/tr\/wp-json\/wp\/v2\/pages\/2748","targetHints":{"allow":["GET"]}}],"collection":[{"href":"https:\/\/www.bursakozahotel.com\/tr\/wp-json\/wp\/v2\/pages"}],"about":[{"href":"https:\/\/www.bursakozahotel.com\/tr\/wp-json\/wp\/v2\/types\/page"}],"author":[{"embeddable":true,"href":"https:\/\/www.bursakozahotel.com\/tr\/wp-json\/wp\/v2\/users\/1"}],"replies":[{"embeddable":true,"href":"https:\/\/www.bursakozahotel.com\/tr\/wp-json\/wp\/v2\/comments?post=2748"}],"version-history":[{"count":22,"href":"https:\/\/www.bursakozahotel.com\/tr\/wp-json\/wp\/v2\/pages\/2748\/revisions"}],"predecessor-version":[{"id":2908,"href":"https:\/\/www.bursakozahotel.com\/tr\/wp-json\/wp\/v2\/pages\/2748\/revisions\/2908"}],"wp:attachment":[{"href":"https:\/\/www.bursakozahotel.com\/tr\/wp-json\/wp\/v2\/media?parent=2748"}],"curies":[{"name":"wp","href":"https:\/\/api.w.org\/{rel}","templated":true}]}}