{"id":2838,"date":"2021-08-28T06:59:46","date_gmt":"2021-08-28T06:59:46","guid":{"rendered":"https:\/\/www.bursakozahotel.com\/tr\/?page_id=2838"},"modified":"2021-09-02T12:21:44","modified_gmt":"2021-09-02T12:21:44","slug":"corner-room-bursa","status":"publish","type":"page","link":"https:\/\/www.bursakozahotel.com\/tr\/corner-room-bursa\/","title":{"rendered":"Corner Room"},"content":{"rendered":"<div id='av_section_1'  class='avia-section main_color avia-section-large avia-no-border-styling  avia-full-stretch av-section-color-overlay-active avia-bg-style-scroll  avia-builder-el-0  el_before_av_section  avia-builder-el-first   container_wrap sidebar_right' style='background-repeat: no-repeat; background-image: url(https:\/\/www.bursakozahotel.com\/tr\/wp-content\/uploads\/room-bg-ust.jpg);background-attachment: scroll; background-position: top left;  '  data-section-bg-repeat='stretch'><div class='av-section-color-overlay-wrap'><div class='av-section-color-overlay' style='opacity: 0.3; background-color: #0a0a0a; '><\/div><div class='container' ><main  role=\"main\" itemprop=\"mainContentOfPage\"  class='template-page content  av-content-small alpha units'><div class='post-entry post-entry-type-page post-entry-2838'><div class='entry-content-wrapper clearfix'>\n<\/div><\/div><\/main><!-- close content main element --><\/div><\/div><\/div><div id='av_section_2'  class='avia-section main_color avia-section-small avia-no-border-styling  avia-bg-style-scroll  avia-builder-el-1  el_after_av_section  el_before_av_section   container_wrap sidebar_right' style='background-color: #d8d2b8;  '  ><div class='container' ><div class='template-page content  av-content-small alpha units'><div class='post-entry post-entry-type-page post-entry-2838'><div class='entry-content-wrapper clearfix'>\n<\/div><\/div><\/div><!-- close content main div --><\/div><\/div><div id='av_section_3'  class='avia-section main_color avia-section-large avia-no-border-styling  avia-bg-style-scroll  avia-builder-el-2  el_after_av_section  avia-builder-el-last   container_wrap sidebar_right' style='background-repeat: no-repeat; background-image: url(https:\/\/www.bursakozahotel.com\/tr\/wp-content\/uploads\/bg-page-koza-hotel-001.jpg);background-attachment: scroll; background-position: top center;  '  data-section-bg-repeat='no-repeat'><div class='container' ><div class='template-page content  av-content-small alpha units'><div class='post-entry post-entry-type-page post-entry-2838'><div class='entry-content-wrapper clearfix'>\n<div class=\"flex_column av_two_fifth  flex_column_div av-zero-column-padding first  avia-builder-el-3  el_before_av_three_fifth  avia-builder-el-first  \" style='border-radius:0px; '><p><div  style='padding-bottom:10px; font-size:48px;' class='av-special-heading av-special-heading-h1  blockquote modern-quote  avia-builder-el-4  el_before_av_hr  avia-builder-el-first  av-thin-font av-inherit-size '><h1 class='av-special-heading-tag '  itemprop=\"headline\"  ><strong>CORNER ROOM<\/strong><\/h1><div class ='av-subheading av-subheading_below  ' style='font-size:15px;'><p>Evinizdeki konforu en uygun fiyatlarla ya\u015fay\u0131n.<\/p>\n<\/div><div class='special-heading-border'><div class='special-heading-inner-border' ><\/div><\/div><\/div><br \/>\n<div  style=' margin-top:10px; margin-bottom:10px;'  class='hr hr-custom hr-left hr-icon-no   avia-builder-el-5  el_after_av_heading  el_before_av_textblock '><span class='hr-inner  inner-border-av-border-thin' style=' width:300px;' ><span class='hr-inner-style'><\/span><\/span><\/div><br \/>\n<section class=\"av_textblock_section \"  itemscope=\"itemscope\" itemtype=\"https:\/\/schema.org\/CreativeWork\" ><div class='avia_textblock  '   itemprop=\"text\" ><ul>\n<li>30 m2 Alan<\/li>\n<li>Oda Servis Hizmeti<\/li>\n<li>LED TV (32\u2032 82 Ekran)<\/li>\n<li>Mini Bar<\/li>\n<li>VRF Is\u0131tma \u2013 So\u011futma Sistemi<\/li>\n<li>Laptop \u015farj imkan\u0131na sahip elektronik \u00e7elik kasa<\/li>\n<li>Wireless \/ \u00dccretsiz \u0130nternet<\/li>\n<li>Su Is\u0131t\u0131c\u0131s\u0131 (Kettle)<\/li>\n<li>\u00dccretsiz Bitki \u00c7aylar\u0131, Kahve, Su<\/li>\n<li>\u00c7al\u0131\u015fma Masas\u0131<\/li>\n<\/ul>\n<\/div><\/section><\/p><\/div><div class=\"flex_column av_three_fifth  flex_column_div av-zero-column-padding   avia-builder-el-7  el_after_av_two_fifth  avia-builder-el-last  \" style='border-radius:0px; '><div id='av-masonry-1' class='av-masonry  noHover av-fixed-size av-large-gap av-hover-overlay- av-masonry-animation-active av-masonry-col-3 av-caption-on-hover-hide av-caption-style- av-masonry-gallery     '  ><div class='av-masonry-container isotope av-js-disabled ' ><div class='av-masonry-entry isotope-item av-masonry-item-no-image '><\/div><a href=\"https:\/\/www.bursakozahotel.com\/tr\/wp-content\/uploads\/Koza-Hotel-Bursa-Gorsel-03-1030x728.jpg\"  aria-label=\"image image with no title\"  id='av-masonry-1-item-2783' data-av-masonry-item='2783' class='av-masonry-entry isotope-item post-2783 attachment type-attachment status-inherit hentry  av-masonry-item-with-image av-grid-img' title=\"\" alt=\"\"   itemprop=\"thumbnailUrl\" ><div class='av-inner-masonry-sizer'><\/div><figure class='av-inner-masonry main_color'><div class=\"av-masonry-outerimage-container\"><div class=\"av-masonry-image-container\" style=\"background-image: url(https:\/\/www.bursakozahotel.com\/tr\/wp-content\/uploads\/Koza-Hotel-Bursa-Gorsel-03-705x498.jpg);\"><\/div><\/div><\/figure><\/a><!--end av-masonry entry--><a href=\"https:\/\/www.bursakozahotel.com\/tr\/wp-content\/uploads\/Koza-Hotel-Bursa-Gorsel-02-1030x728.jpg\"  aria-label=\"image image with no title\"  id='av-masonry-1-item-2782' data-av-masonry-item='2782' class='av-masonry-entry isotope-item post-2782 attachment type-attachment status-inherit hentry  av-masonry-item-with-image av-grid-img' title=\"\" alt=\"\"   itemprop=\"thumbnailUrl\" ><div class='av-inner-masonry-sizer'><\/div><figure class='av-inner-masonry main_color'><div class=\"av-masonry-outerimage-container\"><div class=\"av-masonry-image-container\" style=\"background-image: url(https:\/\/www.bursakozahotel.com\/tr\/wp-content\/uploads\/Koza-Hotel-Bursa-Gorsel-02-705x498.jpg);\"><\/div><\/div><\/figure><\/a><!--end av-masonry entry--><a href=\"https:\/\/www.bursakozahotel.com\/tr\/wp-content\/uploads\/Koza-Hotel-Bursa-Gorsel-04-1030x728.jpg\"  aria-label=\"image image with no title\"  id='av-masonry-1-item-2784' data-av-masonry-item='2784' class='av-masonry-entry isotope-item post-2784 attachment type-attachment status-inherit hentry  av-masonry-item-with-image av-grid-img' title=\"\" alt=\"\"   itemprop=\"thumbnailUrl\" ><div class='av-inner-masonry-sizer'><\/div><figure class='av-inner-masonry main_color'><div class=\"av-masonry-outerimage-container\"><div class=\"av-masonry-image-container\" style=\"background-image: url(https:\/\/www.bursakozahotel.com\/tr\/wp-content\/uploads\/Koza-Hotel-Bursa-Gorsel-04-705x498.jpg);\"><\/div><\/div><\/figure><\/a><!--end av-masonry entry--><a href=\"https:\/\/www.bursakozahotel.com\/tr\/wp-content\/uploads\/Koza-Hotel-Bursa-Gorsel-06-1030x728.jpg\"  aria-label=\"image image with no title\"  id='av-masonry-1-item-2786' data-av-masonry-item='2786' class='av-masonry-entry isotope-item post-2786 attachment type-attachment status-inherit hentry  av-masonry-item-with-image av-grid-img' title=\"\" alt=\"\"   itemprop=\"thumbnailUrl\" ><div class='av-inner-masonry-sizer'><\/div><figure class='av-inner-masonry main_color'><div class=\"av-masonry-outerimage-container\"><div class=\"av-masonry-image-container\" style=\"background-image: url(https:\/\/www.bursakozahotel.com\/tr\/wp-content\/uploads\/Koza-Hotel-Bursa-Gorsel-06-705x498.jpg);\"><\/div><\/div><\/figure><\/a><!--end av-masonry entry--><a href=\"https:\/\/www.bursakozahotel.com\/tr\/wp-content\/uploads\/Koza-Hotel-Bursa-Gorsel-01-1030x728.jpg\"  aria-label=\"image image with no title\"  id='av-masonry-1-item-2781' data-av-masonry-item='2781' class='av-masonry-entry isotope-item post-2781 attachment type-attachment status-inherit hentry  av-masonry-item-with-image av-grid-img' title=\"\" alt=\"\"   itemprop=\"thumbnailUrl\" ><div class='av-inner-masonry-sizer'><\/div><figure class='av-inner-masonry main_color'><div class=\"av-masonry-outerimage-container\"><div class=\"av-masonry-image-container\" style=\"background-image: url(https:\/\/www.bursakozahotel.com\/tr\/wp-content\/uploads\/Koza-Hotel-Bursa-Gorsel-01-705x498.jpg);\"><\/div><\/div><\/figure><\/a><!--end av-masonry entry--><a href=\"https:\/\/www.bursakozahotel.com\/tr\/wp-content\/uploads\/Koza-Hotel-Bursa-Gorsel-05-1030x728.jpg\"  aria-label=\"image image with no title\"  id='av-masonry-1-item-2785' data-av-masonry-item='2785' class='av-masonry-entry isotope-item post-2785 attachment type-attachment status-inherit hentry  av-masonry-item-with-image av-grid-img' title=\"\" alt=\"\"   itemprop=\"thumbnailUrl\" ><div class='av-inner-masonry-sizer'><\/div><figure class='av-inner-masonry main_color'><div class=\"av-masonry-outerimage-container\"><div class=\"av-masonry-image-container\" style=\"background-image: url(https:\/\/www.bursakozahotel.com\/tr\/wp-content\/uploads\/Koza-Hotel-Bursa-Gorsel-05-705x498.jpg);\"><\/div><\/div><\/figure><\/a><!--end av-masonry entry--><\/div><\/div><\/div><\/div><\/div><\/div><!-- close content main div --><\/div><\/div><div id='after_section_3'  class='main_color av_default_container_wrap container_wrap sidebar_right' style=' '  ><div class='container' ><div class='template-page content  av-content-small alpha units'><div class='post-entry post-entry-type-page post-entry-2838'><div class='entry-content-wrapper clearfix'>\n","protected":false},"excerpt":{"rendered":"","protected":false},"author":1,"featured_media":0,"parent":0,"menu_order":0,"comment_status":"closed","ping_status":"closed","template":"","meta":{"footnotes":""},"class_list":["post-2838","page","type-page","status-publish","hentry"],"_links":{"self":[{"href":"https:\/\/www.bursakozahotel.com\/tr\/wp-json\/wp\/v2\/pages\/2838","targetHints":{"allow":["GET"]}}],"collection":[{"href":"https:\/\/www.bursakozahotel.com\/tr\/wp-json\/wp\/v2\/pages"}],"about":[{"href":"https:\/\/www.bursakozahotel.com\/tr\/wp-json\/wp\/v2\/types\/page"}],"author":[{"embeddable":true,"href":"https:\/\/www.bursakozahotel.com\/tr\/wp-json\/wp\/v2\/users\/1"}],"replies":[{"embeddable":true,"href":"https:\/\/www.bursakozahotel.com\/tr\/wp-json\/wp\/v2\/comments?post=2838"}],"version-history":[{"count":8,"href":"https:\/\/www.bursakozahotel.com\/tr\/wp-json\/wp\/v2\/pages\/2838\/revisions"}],"predecessor-version":[{"id":2894,"href":"https:\/\/www.bursakozahotel.com\/tr\/wp-json\/wp\/v2\/pages\/2838\/revisions\/2894"}],"wp:attachment":[{"href":"https:\/\/www.bursakozahotel.com\/tr\/wp-json\/wp\/v2\/media?parent=2838"}],"curies":[{"name":"wp","href":"https:\/\/api.w.org\/{rel}","templated":true}]}}