{"id":2878,"date":"2021-09-02T09:50:01","date_gmt":"2021-09-02T09:50:01","guid":{"rendered":"https:\/\/www.bursakozahotel.com\/tr\/?page_id=2878"},"modified":"2021-09-02T14:58:31","modified_gmt":"2021-09-02T14:58:31","slug":"hakkimizda","status":"publish","type":"page","link":"https:\/\/www.bursakozahotel.com\/tr\/hakkimizda\/","title":{"rendered":"Hakk\u0131m\u0131zda"},"content":{"rendered":"<div id='av_section_1'  class='avia-section main_color avia-section-large avia-no-border-styling  av-section-color-overlay-active avia-bg-style-scroll  avia-builder-el-0  el_before_av_section  avia-builder-el-first   container_wrap sidebar_right' style='background-repeat: no-repeat; background-image: url(https:\/\/www.bursakozahotel.com\/tr\/wp-content\/uploads\/reservasyon-koza-hotel.jpg);background-attachment: scroll; background-position: top left;  '  data-section-bg-repeat='no-repeat'><div class='av-section-color-overlay-wrap'><div class='av-section-color-overlay' style='opacity: 0.3; background-color: #0a0a0a; '><\/div><div class='container' ><main  role=\"main\" itemprop=\"mainContentOfPage\"  class='template-page content  av-content-small alpha units'><div class='post-entry post-entry-type-page post-entry-2878'><div class='entry-content-wrapper clearfix'>\n<\/div><\/div><\/main><!-- close content main element --><\/div><\/div><\/div><div id='av_section_2'  class='avia-section main_color avia-section-small avia-no-border-styling  avia-bg-style-scroll  avia-builder-el-1  el_after_av_section  el_before_av_section   container_wrap sidebar_right' style='background-color: #d8d2b8;  '  ><div class='container' ><div class='template-page content  av-content-small alpha units'><div class='post-entry post-entry-type-page post-entry-2878'><div class='entry-content-wrapper clearfix'>\n<\/div><\/div><\/div><!-- close content main div --><\/div><\/div><div id='av_section_3'  class='avia-section main_color avia-section-large avia-no-border-styling  avia-bg-style-scroll  avia-builder-el-2  el_after_av_section  avia-builder-el-last   container_wrap sidebar_right' style='background-repeat: no-repeat; background-image: url(https:\/\/www.bursakozahotel.com\/tr\/wp-content\/uploads\/bg-page-koza-hotel-001.jpg);background-attachment: scroll; background-position: top center;  '  data-section-bg-repeat='no-repeat'><div class='container' ><div class='template-page content  av-content-small alpha units'><div class='post-entry post-entry-type-page post-entry-2878'><div class='entry-content-wrapper clearfix'>\n<div class=\"flex_column av_one_full  flex_column_div av-zero-column-padding first  avia-builder-el-3  el_before_av_one_full  avia-builder-el-first  \" style='border-radius:0px; '><div  style='padding-bottom:0px; font-size:48px;' class='av-special-heading av-special-heading-h1  blockquote modern-quote  avia-builder-el-4  avia-builder-el-no-sibling  av-thin-font av-inherit-size '><h1 class='av-special-heading-tag '  itemprop=\"headline\"  ><strong>HAKKIMIZDA<\/strong><\/h1><div class='special-heading-border'><div class='special-heading-inner-border' ><\/div><\/div><\/div><\/div><div class=\"flex_column av_one_full  flex_column_div av-zero-column-padding first  avia-builder-el-5  el_after_av_one_full  avia-builder-el-last  column-top-margin\" style='border-radius:0px; '><section class=\"av_textblock_section \"  itemscope=\"itemscope\" itemtype=\"https:\/\/schema.org\/CreativeWork\" ><div class='avia_textblock  '   itemprop=\"text\" ><p>Bursa&#8217;n\u0131n Nil\u00fcfer \u0130l\u00e7esi G\u00f6r\u00fckle Merkezinde yer alan Koza Otel, modern ve g\u00fcler y\u00fcz\u00fc ile sizleri a\u011f\u0131rlamaya haz\u0131r.<\/p>\n<p>Otel\u0130miz, Kayapa Organize Sanayi B\u00f6lgesine 5 km, Hasana\u011fa Organize Sanayi B\u00f6lgesine 8 km, Nil\u00fcfer Organize Sanayi B\u00f6lgesine 10 km, Bursa \u015fehir merkezine 20 ve Mudanya Feribot \u0130skelesine 25 km mesafede yer almaktad\u0131r.<\/p>\n<p>Farkl\u0131 tipteki modern odalar\u0131m\u0131z ile siz de\u011ferli misafirlerimizi a\u011f\u0131rlamaktan mutluluk duyaca\u011f\u0131z.<\/p>\n<\/div><\/section><\/div><\/div><\/div><\/div><!-- close content main div --><\/div><\/div><div id='after_section_3'  class='main_color av_default_container_wrap container_wrap sidebar_right' style=' '  ><div class='container' ><div class='template-page content  av-content-small alpha units'><div class='post-entry post-entry-type-page post-entry-2878'><div class='entry-content-wrapper clearfix'>\n","protected":false},"excerpt":{"rendered":"","protected":false},"author":1,"featured_media":0,"parent":0,"menu_order":0,"comment_status":"closed","ping_status":"closed","template":"","meta":{"footnotes":""},"class_list":["post-2878","page","type-page","status-publish","hentry"],"_links":{"self":[{"href":"https:\/\/www.bursakozahotel.com\/tr\/wp-json\/wp\/v2\/pages\/2878","targetHints":{"allow":["GET"]}}],"collection":[{"href":"https:\/\/www.bursakozahotel.com\/tr\/wp-json\/wp\/v2\/pages"}],"about":[{"href":"https:\/\/www.bursakozahotel.com\/tr\/wp-json\/wp\/v2\/types\/page"}],"author":[{"embeddable":true,"href":"https:\/\/www.bursakozahotel.com\/tr\/wp-json\/wp\/v2\/users\/1"}],"replies":[{"embeddable":true,"href":"https:\/\/www.bursakozahotel.com\/tr\/wp-json\/wp\/v2\/comments?post=2878"}],"version-history":[{"count":5,"href":"https:\/\/www.bursakozahotel.com\/tr\/wp-json\/wp\/v2\/pages\/2878\/revisions"}],"predecessor-version":[{"id":2883,"href":"https:\/\/www.bursakozahotel.com\/tr\/wp-json\/wp\/v2\/pages\/2878\/revisions\/2883"}],"wp:attachment":[{"href":"https:\/\/www.bursakozahotel.com\/tr\/wp-json\/wp\/v2\/media?parent=2878"}],"curies":[{"name":"wp","href":"https:\/\/api.w.org\/{rel}","templated":true}]}}