{"id":2909,"date":"2021-09-25T11:04:23","date_gmt":"2021-09-25T11:04:23","guid":{"rendered":"https:\/\/www.bursakozahotel.com\/tr\/?page_id=2909"},"modified":"2021-09-25T12:07:11","modified_gmt":"2021-09-25T12:07:11","slug":"covid-19-tedbirleri","status":"publish","type":"page","link":"https:\/\/www.bursakozahotel.com\/tr\/covid-19-tedbirleri\/","title":{"rendered":"Covid 19 Tedbirleri"},"content":{"rendered":"<div id='av_section_1'  class='avia-section main_color avia-section-large avia-no-border-styling  av-section-color-overlay-active avia-bg-style-scroll  avia-builder-el-0  el_before_av_section  avia-builder-el-first   container_wrap sidebar_right' style='background-repeat: no-repeat; background-image: url(https:\/\/www.bursakozahotel.com\/tr\/wp-content\/uploads\/reservasyon-koza-hotel.jpg);background-attachment: scroll; background-position: top left;  '  data-section-bg-repeat='no-repeat'><div class='av-section-color-overlay-wrap'><div class='av-section-color-overlay' style='opacity: 0.3; background-color: #0a0a0a; '><\/div><div class='container' ><main  role=\"main\" itemprop=\"mainContentOfPage\"  class='template-page content  av-content-small alpha units'><div class='post-entry post-entry-type-page post-entry-2909'><div class='entry-content-wrapper clearfix'>\n<\/div><\/div><\/main><!-- close content main element --><\/div><\/div><\/div><div id='av_section_2'  class='avia-section main_color avia-section-small avia-no-border-styling  avia-bg-style-scroll  avia-builder-el-1  el_after_av_section  el_before_av_heading   container_wrap sidebar_right' style='background-color: #d8d2b8;  '  ><div class='container' ><div class='template-page content  av-content-small alpha units'><div class='post-entry post-entry-type-page post-entry-2909'><div class='entry-content-wrapper clearfix'><\/div><\/div><\/div><!-- close content main div --><\/div><\/div><div id='after_section_2'  class='main_color av_default_container_wrap container_wrap sidebar_right' style=' '  ><div class='container' ><div class='template-page content  av-content-small alpha units'><div class='post-entry post-entry-type-page post-entry-2909'><div class='entry-content-wrapper clearfix'>\n<div  style='padding-bottom:10px; font-size:38px;' class='av-special-heading av-special-heading-h3  blockquote modern-quote modern-centered  avia-builder-el-2  el_after_av_section  el_before_av_textblock  avia-builder-el-first  av-thin-font av-inherit-size '><h3 class='av-special-heading-tag '  itemprop=\"headline\"  ><strong>COVID-19 TEDB\u0130RLER\u0130<\/strong><\/h3><div class='special-heading-border'><div class='special-heading-inner-border' ><\/div><\/div><\/div>\n<section class=\"av_textblock_section \"  itemscope=\"itemscope\" itemtype=\"https:\/\/schema.org\/CreativeWork\" ><div class='avia_textblock  '  style='font-size:15px; '  itemprop=\"text\" ><p style=\"text-align: center;\">Sa\u011fl\u0131\u011f\u0131n\u0131z ve G\u00fcvenli\u011finiz Bizim \u0130\u00e7in \u00c7ok \u00d6nemli<\/p>\n<\/div><\/section>\n<div class=\"flex_column av_one_full  flex_column_div av-zero-column-padding first  avia-builder-el-4  el_after_av_textblock  el_before_av_one_fourth  column-top-margin\" style='border-radius:0px; '><section class=\"av_textblock_section \"  itemscope=\"itemscope\" itemtype=\"https:\/\/schema.org\/CreativeWork\" ><div class='avia_textblock  '   itemprop=\"text\" ><p style=\"text-align: justify;\"><strong>Bursa Koza Hotel\u2019de konaklama g\u00fcvenli ve g\u00fczel&#8230;<\/strong><\/p>\n<p style=\"text-align: justify;\">Koza Hotel; kategorisinde, Bursa G\u00f6r\u00fckle&#8217;de, deneyimli personeliyle , misafir memnuniyeti odakl\u0131 hizmet anlay\u0131\u015f\u0131 ile konuklar\u0131n\u0131 a\u011f\u0131rlamaya devam ediyor.<\/p>\n<p style=\"text-align: justify;\"><strong>Koza Hotel\u2019de G\u00fcvendesiniz<\/strong><\/p>\n<p style=\"text-align: justify;\">Koza Hotel, Covid-19 salg\u0131n\u0131 s\u00fcrecinde normalle\u015fmeye ge\u00e7ilmesini takiben, T.C. Sa\u011fl\u0131k Bakanl\u0131\u011f\u0131, Bilim Kurulu ve WHO D\u00fcnya Sa\u011fl\u0131k \u00d6rg\u00fct\u00fc y\u00f6nergeleri ve \u00f6nlemleri do\u011frultusunda mevcut standartlar\u0131n\u0131 ve uygulamalar\u0131n\u0131 g\u00fcncelledi.<\/p>\n<p style=\"text-align: justify;\">Koza Hotel, kalite y\u00f6netim sistemi uygulamalar\u0131 ile faaliyet vermeye ba\u015flad\u0131.<br \/>\nKoza Hotel olarak \u201cCovid-19 s\u00fcrecini takiben normalle\u015fmeye ge\u00e7ti\u011fimiz bu s\u00fcre\u00e7te sosyal mesafe kurallar\u0131na, sanitasyon ve hijyen kurallar\u0131na en uygun \u015fekilde faaliyete ba\u015flad\u0131k.<\/p>\n<p style=\"text-align: justify;\">T\u00fcm ekibimizle birlikte misafirlerimize, sa\u011fl\u0131kl\u0131 ve steril bir ortamda g\u00fcvenli hizmet sunmay\u0131 taahh\u00fct ediyoruz. Hassasiyetimiz T\u00fcrk Standartlar\u0131 Enstit\u00fcs\u00fc taraf\u0131ndan verilen ISO 22000 G\u0131da G\u00fcvenli\u011fi Y\u00f6netim Sistemi Belgesi\u2019ne ve Kiwa Belgelendirme taraf\u0131ndan verilen G\u00fcvenli Turizm Belgesi ile de tescillenmi\u015ftir.\u201d<\/p>\n<\/div><\/section><\/div><div class=\"flex_column av_one_fourth  flex_column_div av-zero-column-padding first  avia-builder-el-6  el_after_av_one_full  el_before_av_one_fourth  column-top-margin\" style='border-radius:0px; '><article  class=\"iconbox iconbox_top av-no-box   avia-builder-el-7  avia-builder-el-no-sibling  \"  itemscope=\"itemscope\" itemtype=\"https:\/\/schema.org\/CreativeWork\" ><div class=\"iconbox_content\"><header class=\"entry-content-header\"><div class=\"iconbox_icon heading-color\" aria-hidden='true' data-av_icon='\uf004' data-av_iconfont='fontawesome5free-solid'  style='color:#d8d2b8; ' ><\/div><h3 class='iconbox_content_title  '  itemprop=\"headline\"  >Sa\u011fl\u0131\u011f\u0131n\u0131z\u0131 \u00d6nemsiyoruz<\/h3><\/header><div class='iconbox_content_container  '  itemprop=\"text\"  ><p>Tesisimizde Sa\u011fl\u0131k Bakanl\u0131\u011f\u0131 ve Turizm Bakanl\u0131\u011f\u0131 taraf\u0131ndan yay\u0131nlanan g\u00fcvenlik ve temizlik tavsiyelerine uyulmaktad\u0131r.<\/p>\n<\/div><\/div><footer class=\"entry-footer\"><\/footer><\/article><\/div><\/p>\n<div class=\"flex_column av_one_fourth  flex_column_div av-zero-column-padding   avia-builder-el-8  el_after_av_one_fourth  el_before_av_one_fourth  column-top-margin\" style='border-radius:0px; '><article  class=\"iconbox iconbox_top av-no-box   avia-builder-el-9  avia-builder-el-no-sibling  \"  itemscope=\"itemscope\" itemtype=\"https:\/\/schema.org\/CreativeWork\" ><div class=\"iconbox_content\"><header class=\"entry-content-header\"><div class=\"iconbox_icon heading-color\" aria-hidden='true' data-av_icon='\uf5bd' data-av_iconfont='fontawesome5free-solid'  style='color:#d8d2b8; ' ><\/div><h3 class='iconbox_content_title  '  itemprop=\"headline\"  >Temizlik<\/h3><\/header><div class='iconbox_content_container  '  itemprop=\"text\"  ><p>Sa\u011fl\u0131k Bakanl\u0131\u011f\u0131 taraf\u0131ndan tavsiye edilen t\u00fcm hijyen kurallar\u0131n\u0131 uyguluyoruz.<\/p>\n<\/div><\/div><footer class=\"entry-footer\"><\/footer><\/article><\/div>\n<div class=\"flex_column av_one_fourth  flex_column_div av-zero-column-padding   avia-builder-el-10  el_after_av_one_fourth  el_before_av_one_fourth  column-top-margin\" style='border-radius:0px; '><article  class=\"iconbox iconbox_top av-no-box   avia-builder-el-11  avia-builder-el-no-sibling  \"  itemscope=\"itemscope\" itemtype=\"https:\/\/schema.org\/CreativeWork\" ><div class=\"iconbox_content\"><header class=\"entry-content-header\"><div class=\"iconbox_icon heading-color\" aria-hidden='true' data-av_icon='\uf500' data-av_iconfont='fontawesome5free-solid'  style='color:#d8d2b8; ' ><\/div><h3 class='iconbox_content_title  '  itemprop=\"headline\"  >Sosyal Mesafe<\/h3><\/header><div class='iconbox_content_container  '  itemprop=\"text\"  ><p>Sosyal mesafe kural\u0131na \u00f6nem veriyor ve uyguluyoruz. Sa\u011fl\u0131\u011f\u0131n\u0131z\u0131 \u00f6nemsiyoruz!<\/p>\n<\/div><\/div><footer class=\"entry-footer\"><\/footer><\/article><\/div>\n<div class=\"flex_column av_one_fourth  flex_column_div av-zero-column-padding   avia-builder-el-12  el_after_av_one_fourth  avia-builder-el-last  column-top-margin\" style='border-radius:0px; '><article  class=\"iconbox iconbox_top av-no-box   avia-builder-el-13  avia-builder-el-no-sibling  \"  itemscope=\"itemscope\" itemtype=\"https:\/\/schema.org\/CreativeWork\" ><div class=\"iconbox_content\"><header class=\"entry-content-header\"><div class=\"iconbox_icon heading-color\" aria-hidden='true' data-av_icon='\uf4fc' data-av_iconfont='fontawesome5free-solid'  style='color:#d8d2b8; ' ><\/div><h3 class='iconbox_content_title  '  itemprop=\"headline\"  >Personel E\u011fitimi<\/h3><\/header><div class='iconbox_content_container  '  itemprop=\"text\"  ><p>Sizlerin sa\u011fl\u0131\u011f\u0131 ve g\u00fcvenli\u011fi i\u00e7in t\u00fcm personelimiz Turizm Bakanl\u0131\u011f\u0131\u2019n\u0131n tavsiye etti\u011fi e\u011fitimleri alm\u0131\u015ft\u0131r.<\/p>\n<\/div><\/div><footer class=\"entry-footer\"><\/footer><\/article><\/div>\n","protected":false},"excerpt":{"rendered":"","protected":false},"author":1,"featured_media":0,"parent":0,"menu_order":0,"comment_status":"closed","ping_status":"closed","template":"","meta":{"footnotes":""},"class_list":["post-2909","page","type-page","status-publish","hentry"],"_links":{"self":[{"href":"https:\/\/www.bursakozahotel.com\/tr\/wp-json\/wp\/v2\/pages\/2909","targetHints":{"allow":["GET"]}}],"collection":[{"href":"https:\/\/www.bursakozahotel.com\/tr\/wp-json\/wp\/v2\/pages"}],"about":[{"href":"https:\/\/www.bursakozahotel.com\/tr\/wp-json\/wp\/v2\/types\/page"}],"author":[{"embeddable":true,"href":"https:\/\/www.bursakozahotel.com\/tr\/wp-json\/wp\/v2\/users\/1"}],"replies":[{"embeddable":true,"href":"https:\/\/www.bursakozahotel.com\/tr\/wp-json\/wp\/v2\/comments?post=2909"}],"version-history":[{"count":5,"href":"https:\/\/www.bursakozahotel.com\/tr\/wp-json\/wp\/v2\/pages\/2909\/revisions"}],"predecessor-version":[{"id":2915,"href":"https:\/\/www.bursakozahotel.com\/tr\/wp-json\/wp\/v2\/pages\/2909\/revisions\/2915"}],"wp:attachment":[{"href":"https:\/\/www.bursakozahotel.com\/tr\/wp-json\/wp\/v2\/media?parent=2909"}],"curies":[{"name":"wp","href":"https:\/\/api.w.org\/{rel}","templated":true}]}}